{"id":1826,"date":"2016-12-06T16:54:45","date_gmt":"2016-12-06T15:54:45","guid":{"rendered":"https:\/\/www.gisy-schuhe.de\/blog\/?page_id=1826"},"modified":"2023-01-03T09:05:49","modified_gmt":"2023-01-03T08:05:49","slug":"impressum","status":"publish","type":"page","link":"https:\/\/www.gisy-schuhe.de\/blog\/impressum","title":{"rendered":"Impressum"},"content":{"rendered":"<h3><strong>GISY Schuhe GmbH &amp; Co. KG<\/strong><\/h3>\n<p>Georgstra\u00dfe 27-29<br \/>\n30159 Hannover<\/p>\n<p>Telefon: (05 11) 3 60 90-0<br \/>\nFax: (05 11) 3 60 90-44<\/p>\n<p>E-Mail: <a href=\"mailto:info@gisy-schuhe.de\">info@gisy-schuhe.de<\/a><br \/>\nInternet: <a href=\"https:\/\/www.gisy-schuhe.de\">https:\/\/www.gisy-schuhe.de<\/a><\/p>\n<p>Personengesellschaft<br \/>\nAmtsgericht Hannover HRA 21639<br \/>\nUSt-IdNr: DE-217 694 641<\/p>\n<p>Komplement\u00e4r: Paul Prange Verwaltungsgesellschaft mbH<br \/>\nSchadowstra\u00dfe: 49\/51<br \/>\n40212 D\u00fcsseldorf<br \/>\nAmtsgericht D\u00fcsseldorf HRB 3440<br \/>\nVertretungsberechtigte: G\u00fcnter Prange und Paul Prange<\/p>\n<h3><\/h3>\n<h3>Haftungsausschluss<\/h3>\n<p>Trotz sorgf\u00e4ltiger, inhaltlicher Kontrolle \u00fcbernehmen wir keine Haftung f\u00fcr die Inhalte externer Links. F\u00fcr den Inhalt der verlinkten Seiten sind ausschlie\u00dflich deren Betreiber verantwortlich. Bei der Erstellung dieser Webseite werden alle Anstrengungen unternommen, um die darin enthaltenen Informationen m\u00f6glichst aktuell, sachlich korrekt und eindeutig zu halten. Trotz aller Sorgfalt kann es jedoch zu unbeabsichtigten Fehlangaben kommen. Die <strong>GISY Schuhe GmbH &amp; Co. KG<\/strong> schlie\u00dft daher insbesondere jegliche Haftung f\u00fcr Tipp- oder Druckfehler und f\u00fcr die Exaktheit, Vollst\u00e4ndigkeit und Aktualit\u00e4t der auf der Webseite des Unternehmens enthaltenen Informationen aus. Die auf dieser Webseite bereitgehaltenen Informationen und Daten k\u00f6nnen jederzeit ohne Vorank\u00fcndigung ge\u00e4ndert werden. Sie werden von der <strong>GISY Schuhe GmbH &amp; Co. KG<\/strong> unverbindlich und unter Ausschluss jeglicher Garantien oder Zusicherungen angeboten.<\/p>\n<p>Soweit eine <strong>GISY Schuhe GmbH &amp; Co. KG<\/strong> -Webseite Links oder Pointers auf Webseiten Dritter enth\u00e4lt, \u00fcbernimmt die <strong>GISY Schuhe GmbH &amp; Co. KG<\/strong> f\u00fcr die dort erh\u00e4ltlichen Informationen, Mitteilungen, Materialien oder Links auf weitere Webseiten keinerlei Verantwortung. Wir erkl\u00e4ren ausdr\u00fccklich, dass wir uns Inhalte gelinkter Seiten nicht in jedem Fall zu eigen machen.<\/p>\n<p>Indem Sie die <strong>GISY Schuhe GmbH &amp; Co. KG<\/strong> -Webseite benutzen, tragen Sie die gesamte Gefahr, die mit der Benutzung zusammenh\u00e4ngt, einschlie\u00dflich s\u00e4mtlicher Risiken einer Sch\u00e4digung Ihrer Computer, Software oder Daten durch Viren oder andere Software, die \u00fcber die\u00a0 (<strong>GISY Schuhe GmbH &amp; Co. KG<\/strong> -Website oder Ihren Zugriff darauf \u00fcbertragen oder aktiviert wird.<\/p>\n<p>In keinem Fall haftet die <strong>GISY Schuhe GmbH &amp; Co. KG<\/strong>\u00a0f\u00fcr irgendeinen direkten, indirekten, besonderen, Begleit- oder Folgeschaden oder entgangenen Gewinn, die sich aus dem Gebrauch oder Fehlgebrauch von Informationen oder aus unvollst\u00e4ndigen Informationen auf der Webseite der <strong>GISY Schuhe GmbH &amp; Co. KG<\/strong> ergeben.<\/p>\n<div id=\"OKAYFREEDOM_INJECTED\" style=\"display: none;\"><\/div>\n<p><script src=\"moz-extension:\/\/caa0e3d2-8e81-48d6-911d-db84fba9c2d9\/web\/libs\/ciuvo-addon-sdk.min.js\" async=\"\"><\/script><\/p>\n<h3><strong>Verantwortlich i.S. d. \u00a7 18 Abs. 2 MStV und Pressekontakt:<br \/>\n<\/strong><\/h3>\n<p>Michael Schenkemeyer<br \/>\nmedia[at]gisy-schuhe.de<\/p>\n<p>Folgende Presseportale ver\u00f6ffentlichen unsere Meldungen:<br \/>\n<a href=\"http:\/\/www.prcenter.de\/firma-GISY+Schuhe+GmbH+%26+Co.+KG.html\">www.prcenter.de<\/a><br \/>\n<a href=\"http:\/\/www.presseanzeiger.de\">www.presseanzeiger.de<\/a><br \/>\n<span style=\"font-family: Tahoma;\"><a href=\"http:\/\/www.pressemeldungen.at\">www.pressemeldungen.at<\/a><\/span><\/p>\n","protected":false},"excerpt":{"rendered":"<p>GISY Schuhe GmbH &amp; Co. KG Georgstra\u00dfe 27-29 30159 Hannover Telefon: (05 11) 3 60 90-0 Fax: (05 11) 3 60 90-44 E-Mail: info@gisy-schuhe.de Internet: https:\/\/www.gisy-schuhe.de Personengesellschaft Amtsgericht Hannover HRA 21639 USt-IdNr: DE-217 694 641 Komplement\u00e4r: Paul Prange Verwaltungsgesellschaft mbH Schadowstra\u00dfe: 49\/51 40212 D\u00fcsseldorf Amtsgericht D\u00fcsseldorf HRB 3440 Vertretungsberechtigte: G\u00fcnter Prange und Paul Prange Haftungsausschluss Trotz sorgf\u00e4ltiger, inhaltlicher Kontrolle \u00fcbernehmen wir keine Haftung f\u00fcr die Inhalte externer Links. F\u00fcr den Inhalt der verlinkten Seiten sind ausschlie\u00dflich deren Betreiber verantwortlich. Bei der Erstellung dieser Webseite werden alle Anstrengungen unternommen, um die darin enthaltenen Informationen m\u00f6glichst aktuell, sachlich korrekt und eindeutig zu halten. Trotz aller Sorgfalt kann es jedoch zu unbeabsichtigten Fehlangaben kommen. Die GISY Schuhe GmbH &amp; Co. KG schlie\u00dft daher insbesondere jegliche Haftung f\u00fcr Tipp- oder Druckfehler und f\u00fcr die Exaktheit, Vollst\u00e4ndigkeit und Aktualit\u00e4t der auf der Webseite des Unternehmens enthaltenen Informationen aus. Die auf dieser Webseite bereitgehaltenen Informationen und Daten k\u00f6nnen jederzeit ohne Vorank\u00fcndigung ge\u00e4ndert werden. Sie werden von der GISY Schuhe GmbH &amp; Co. KG unverbindlich und unter Ausschluss jeglicher Garantien oder Zusicherungen angeboten. Soweit eine GISY Schuhe GmbH &amp; Co. KG -Webseite Links oder Pointers auf Webseiten Dritter enth\u00e4lt, \u00fcbernimmt die GISY Schuhe GmbH &amp; Co. KG f\u00fcr die dort erh\u00e4ltlichen Informationen, Mitteilungen, Materialien oder Links auf weitere Webseiten keinerlei Verantwortung. Wir erkl\u00e4ren ausdr\u00fccklich, dass wir uns Inhalte gelinkter Seiten nicht in jedem Fall zu eigen machen. Indem Sie die GISY Schuhe GmbH &amp; Co. KG -Webseite benutzen, tragen Sie die gesamte Gefahr, die mit der Benutzung zusammenh\u00e4ngt, einschlie\u00dflich s\u00e4mtlicher Risiken einer Sch\u00e4digung Ihrer Computer, Software oder Daten durch Viren oder andere Software, die \u00fcber die\u00a0 (GISY Schuhe GmbH &amp; Co. KG -Website oder Ihren Zugriff darauf \u00fcbertragen oder aktiviert wird. In keinem Fall haftet die GISY Schuhe GmbH &amp; Co. KG\u00a0f\u00fcr irgendeinen direkten, indirekten, besonderen, Begleit- oder Folgeschaden oder entgangenen Gewinn, die sich aus dem Gebrauch oder Fehlgebrauch von Informationen oder aus unvollst\u00e4ndigen Informationen auf der Webseite der GISY Schuhe GmbH &amp; Co. KG ergeben. Verantwortlich i.S. d. \u00a7 18 Abs. 2 MStV und Pressekontakt: Michael Schenkemeyer media[at]gisy-schuhe.de Folgende Presseportale ver\u00f6ffentlichen unsere Meldungen: www.prcenter.de www.presseanzeiger.de www.pressemeldungen.at<\/p>\n","protected":false},"author":1,"featured_media":0,"parent":0,"menu_order":0,"comment_status":"closed","ping_status":"closed","template":"","meta":{"footnotes":""},"class_list":["post-1826","page","type-page","status-publish","hentry"],"yoast_head":"<!-- This site is optimized with the Yoast SEO plugin v27.0 - https:\/\/yoast.com\/product\/yoast-seo-wordpress\/ -->\n<title>Impressum - GISY Schuhe Blog<\/title>\n<meta name=\"robots\" content=\"index, follow, max-snippet:-1, max-image-preview:large, max-video-preview:-1\" \/>\n<link rel=\"canonical\" href=\"https:\/\/www.gisy-schuhe.de\/blog\/impressum\" \/>\n<meta property=\"og:locale\" content=\"de_DE\" \/>\n<meta property=\"og:type\" content=\"article\" \/>\n<meta property=\"og:title\" content=\"Impressum - GISY Schuhe Blog\" \/>\n<meta property=\"og:description\" content=\"GISY Schuhe GmbH &amp; Co. KG Georgstra\u00dfe 27-29 30159 Hannover Telefon: (05 11) 3 60 90-0 Fax: (05 11) 3 60 90-44 E-Mail: info@gisy-schuhe.de Internet: https:\/\/www.gisy-schuhe.de Personengesellschaft Amtsgericht Hannover HRA 21639 USt-IdNr: DE-217 694 641 Komplement\u00e4r: Paul Prange Verwaltungsgesellschaft mbH Schadowstra\u00dfe: 49\/51 40212 D\u00fcsseldorf Amtsgericht D\u00fcsseldorf HRB 3440 Vertretungsberechtigte: G\u00fcnter Prange und Paul Prange Haftungsausschluss Trotz sorgf\u00e4ltiger, inhaltlicher Kontrolle \u00fcbernehmen wir keine Haftung f\u00fcr die Inhalte externer Links. F\u00fcr den Inhalt der verlinkten Seiten sind ausschlie\u00dflich deren Betreiber verantwortlich. Bei der Erstellung dieser Webseite werden alle Anstrengungen unternommen, um die darin enthaltenen Informationen m\u00f6glichst aktuell, sachlich korrekt und eindeutig zu halten. Trotz aller Sorgfalt kann es jedoch zu unbeabsichtigten Fehlangaben kommen. Die GISY Schuhe GmbH &amp; Co. KG schlie\u00dft daher insbesondere jegliche Haftung f\u00fcr Tipp- oder Druckfehler und f\u00fcr die Exaktheit, Vollst\u00e4ndigkeit und Aktualit\u00e4t der auf der Webseite des Unternehmens enthaltenen Informationen aus. Die auf dieser Webseite bereitgehaltenen Informationen und Daten k\u00f6nnen jederzeit ohne Vorank\u00fcndigung ge\u00e4ndert werden. Sie werden von der GISY Schuhe GmbH &amp; Co. KG unverbindlich und unter Ausschluss jeglicher Garantien oder Zusicherungen angeboten. Soweit eine GISY Schuhe GmbH &amp; Co. KG -Webseite Links oder Pointers auf Webseiten Dritter enth\u00e4lt, \u00fcbernimmt die GISY Schuhe GmbH &amp; Co. KG f\u00fcr die dort erh\u00e4ltlichen Informationen, Mitteilungen, Materialien oder Links auf weitere Webseiten keinerlei Verantwortung. Wir erkl\u00e4ren ausdr\u00fccklich, dass wir uns Inhalte gelinkter Seiten nicht in jedem Fall zu eigen machen. Indem Sie die GISY Schuhe GmbH &amp; Co. KG -Webseite benutzen, tragen Sie die gesamte Gefahr, die mit der Benutzung zusammenh\u00e4ngt, einschlie\u00dflich s\u00e4mtlicher Risiken einer Sch\u00e4digung Ihrer Computer, Software oder Daten durch Viren oder andere Software, die \u00fcber die\u00a0 (GISY Schuhe GmbH &amp; Co. KG -Website oder Ihren Zugriff darauf \u00fcbertragen oder aktiviert wird. In keinem Fall haftet die GISY Schuhe GmbH &amp; Co. KG\u00a0f\u00fcr irgendeinen direkten, indirekten, besonderen, Begleit- oder Folgeschaden oder entgangenen Gewinn, die sich aus dem Gebrauch oder Fehlgebrauch von Informationen oder aus unvollst\u00e4ndigen Informationen auf der Webseite der GISY Schuhe GmbH &amp; Co. KG ergeben. Verantwortlich i.S. d. \u00a7 18 Abs. 2 MStV und Pressekontakt: Michael Schenkemeyer media[at]gisy-schuhe.de Folgende Presseportale ver\u00f6ffentlichen unsere Meldungen: www.prcenter.de www.presseanzeiger.de www.pressemeldungen.at\" \/>\n<meta property=\"og:url\" content=\"https:\/\/www.gisy-schuhe.de\/blog\/impressum\" \/>\n<meta property=\"og:site_name\" content=\"GISY Schuhe Blog\" \/>\n<meta property=\"article:modified_time\" content=\"2023-01-03T08:05:49+00:00\" \/>\n<meta name=\"twitter:card\" content=\"summary_large_image\" \/>\n<meta name=\"twitter:label1\" content=\"Gesch\u00e4tzte Lesezeit\" \/>\n\t<meta name=\"twitter:data1\" content=\"2\u00a0Minuten\" \/>\n<script type=\"application\/ld+json\" class=\"yoast-schema-graph\">{\"@context\":\"https:\/\/schema.org\",\"@graph\":[{\"@type\":\"WebPage\",\"@id\":\"https:\/\/www.gisy-schuhe.de\/blog\/impressum\",\"url\":\"https:\/\/www.gisy-schuhe.de\/blog\/impressum\",\"name\":\"Impressum - GISY Schuhe Blog\",\"isPartOf\":{\"@id\":\"https:\/\/www.gisy-schuhe.de\/blog\/#website\"},\"datePublished\":\"2016-12-06T15:54:45+00:00\",\"dateModified\":\"2023-01-03T08:05:49+00:00\",\"breadcrumb\":{\"@id\":\"https:\/\/www.gisy-schuhe.de\/blog\/impressum#breadcrumb\"},\"inLanguage\":\"de\",\"potentialAction\":[{\"@type\":\"ReadAction\",\"target\":[\"https:\/\/www.gisy-schuhe.de\/blog\/impressum\"]}]},{\"@type\":\"BreadcrumbList\",\"@id\":\"https:\/\/www.gisy-schuhe.de\/blog\/impressum#breadcrumb\",\"itemListElement\":[{\"@type\":\"ListItem\",\"position\":1,\"name\":\"Home\",\"item\":\"https:\/\/www.gisy-schuhe.de\/blog\"},{\"@type\":\"ListItem\",\"position\":2,\"name\":\"Impressum\"}]},{\"@type\":\"WebSite\",\"@id\":\"https:\/\/www.gisy-schuhe.de\/blog\/#website\",\"url\":\"https:\/\/www.gisy-schuhe.de\/blog\/\",\"name\":\"GISY Schuhe Blog\",\"description\":\"All about Shoes\",\"potentialAction\":[{\"@type\":\"SearchAction\",\"target\":{\"@type\":\"EntryPoint\",\"urlTemplate\":\"https:\/\/www.gisy-schuhe.de\/blog\/?s={search_term_string}\"},\"query-input\":{\"@type\":\"PropertyValueSpecification\",\"valueRequired\":true,\"valueName\":\"search_term_string\"}}],\"inLanguage\":\"de\"}]}<\/script>\n<!-- \/ Yoast SEO plugin. -->","yoast_head_json":{"title":"Impressum - GISY Schuhe Blog","robots":{"index":"index","follow":"follow","max-snippet":"max-snippet:-1","max-image-preview":"max-image-preview:large","max-video-preview":"max-video-preview:-1"},"canonical":"https:\/\/www.gisy-schuhe.de\/blog\/impressum","og_locale":"de_DE","og_type":"article","og_title":"Impressum - GISY Schuhe Blog","og_description":"GISY Schuhe GmbH &amp; Co. KG Georgstra\u00dfe 27-29 30159 Hannover Telefon: (05 11) 3 60 90-0 Fax: (05 11) 3 60 90-44 E-Mail: info@gisy-schuhe.de Internet: https:\/\/www.gisy-schuhe.de Personengesellschaft Amtsgericht Hannover HRA 21639 USt-IdNr: DE-217 694 641 Komplement\u00e4r: Paul Prange Verwaltungsgesellschaft mbH Schadowstra\u00dfe: 49\/51 40212 D\u00fcsseldorf Amtsgericht D\u00fcsseldorf HRB 3440 Vertretungsberechtigte: G\u00fcnter Prange und Paul Prange Haftungsausschluss Trotz sorgf\u00e4ltiger, inhaltlicher Kontrolle \u00fcbernehmen wir keine Haftung f\u00fcr die Inhalte externer Links. F\u00fcr den Inhalt der verlinkten Seiten sind ausschlie\u00dflich deren Betreiber verantwortlich. Bei der Erstellung dieser Webseite werden alle Anstrengungen unternommen, um die darin enthaltenen Informationen m\u00f6glichst aktuell, sachlich korrekt und eindeutig zu halten. Trotz aller Sorgfalt kann es jedoch zu unbeabsichtigten Fehlangaben kommen. Die GISY Schuhe GmbH &amp; Co. KG schlie\u00dft daher insbesondere jegliche Haftung f\u00fcr Tipp- oder Druckfehler und f\u00fcr die Exaktheit, Vollst\u00e4ndigkeit und Aktualit\u00e4t der auf der Webseite des Unternehmens enthaltenen Informationen aus. Die auf dieser Webseite bereitgehaltenen Informationen und Daten k\u00f6nnen jederzeit ohne Vorank\u00fcndigung ge\u00e4ndert werden. Sie werden von der GISY Schuhe GmbH &amp; Co. KG unverbindlich und unter Ausschluss jeglicher Garantien oder Zusicherungen angeboten. Soweit eine GISY Schuhe GmbH &amp; Co. KG -Webseite Links oder Pointers auf Webseiten Dritter enth\u00e4lt, \u00fcbernimmt die GISY Schuhe GmbH &amp; Co. KG f\u00fcr die dort erh\u00e4ltlichen Informationen, Mitteilungen, Materialien oder Links auf weitere Webseiten keinerlei Verantwortung. Wir erkl\u00e4ren ausdr\u00fccklich, dass wir uns Inhalte gelinkter Seiten nicht in jedem Fall zu eigen machen. Indem Sie die GISY Schuhe GmbH &amp; Co. KG -Webseite benutzen, tragen Sie die gesamte Gefahr, die mit der Benutzung zusammenh\u00e4ngt, einschlie\u00dflich s\u00e4mtlicher Risiken einer Sch\u00e4digung Ihrer Computer, Software oder Daten durch Viren oder andere Software, die \u00fcber die\u00a0 (GISY Schuhe GmbH &amp; Co. KG -Website oder Ihren Zugriff darauf \u00fcbertragen oder aktiviert wird. In keinem Fall haftet die GISY Schuhe GmbH &amp; Co. KG\u00a0f\u00fcr irgendeinen direkten, indirekten, besonderen, Begleit- oder Folgeschaden oder entgangenen Gewinn, die sich aus dem Gebrauch oder Fehlgebrauch von Informationen oder aus unvollst\u00e4ndigen Informationen auf der Webseite der GISY Schuhe GmbH &amp; Co. KG ergeben. Verantwortlich i.S. d. \u00a7 18 Abs. 2 MStV und Pressekontakt: Michael Schenkemeyer media[at]gisy-schuhe.de Folgende Presseportale ver\u00f6ffentlichen unsere Meldungen: www.prcenter.de www.presseanzeiger.de www.pressemeldungen.at","og_url":"https:\/\/www.gisy-schuhe.de\/blog\/impressum","og_site_name":"GISY Schuhe Blog","article_modified_time":"2023-01-03T08:05:49+00:00","twitter_card":"summary_large_image","twitter_misc":{"Gesch\u00e4tzte Lesezeit":"2\u00a0Minuten"},"schema":{"@context":"https:\/\/schema.org","@graph":[{"@type":"WebPage","@id":"https:\/\/www.gisy-schuhe.de\/blog\/impressum","url":"https:\/\/www.gisy-schuhe.de\/blog\/impressum","name":"Impressum - GISY Schuhe Blog","isPartOf":{"@id":"https:\/\/www.gisy-schuhe.de\/blog\/#website"},"datePublished":"2016-12-06T15:54:45+00:00","dateModified":"2023-01-03T08:05:49+00:00","breadcrumb":{"@id":"https:\/\/www.gisy-schuhe.de\/blog\/impressum#breadcrumb"},"inLanguage":"de","potentialAction":[{"@type":"ReadAction","target":["https:\/\/www.gisy-schuhe.de\/blog\/impressum"]}]},{"@type":"BreadcrumbList","@id":"https:\/\/www.gisy-schuhe.de\/blog\/impressum#breadcrumb","itemListElement":[{"@type":"ListItem","position":1,"name":"Home","item":"https:\/\/www.gisy-schuhe.de\/blog"},{"@type":"ListItem","position":2,"name":"Impressum"}]},{"@type":"WebSite","@id":"https:\/\/www.gisy-schuhe.de\/blog\/#website","url":"https:\/\/www.gisy-schuhe.de\/blog\/","name":"GISY Schuhe Blog","description":"All about Shoes","potentialAction":[{"@type":"SearchAction","target":{"@type":"EntryPoint","urlTemplate":"https:\/\/www.gisy-schuhe.de\/blog\/?s={search_term_string}"},"query-input":{"@type":"PropertyValueSpecification","valueRequired":true,"valueName":"search_term_string"}}],"inLanguage":"de"}]}},"_links":{"self":[{"href":"https:\/\/www.gisy-schuhe.de\/blog\/wp-json\/wp\/v2\/pages\/1826","targetHints":{"allow":["GET"]}}],"collection":[{"href":"https:\/\/www.gisy-schuhe.de\/blog\/wp-json\/wp\/v2\/pages"}],"about":[{"href":"https:\/\/www.gisy-schuhe.de\/blog\/wp-json\/wp\/v2\/types\/page"}],"author":[{"embeddable":true,"href":"https:\/\/www.gisy-schuhe.de\/blog\/wp-json\/wp\/v2\/users\/1"}],"replies":[{"embeddable":true,"href":"https:\/\/www.gisy-schuhe.de\/blog\/wp-json\/wp\/v2\/comments?post=1826"}],"version-history":[{"count":4,"href":"https:\/\/www.gisy-schuhe.de\/blog\/wp-json\/wp\/v2\/pages\/1826\/revisions"}],"predecessor-version":[{"id":4544,"href":"https:\/\/www.gisy-schuhe.de\/blog\/wp-json\/wp\/v2\/pages\/1826\/revisions\/4544"}],"wp:attachment":[{"href":"https:\/\/www.gisy-schuhe.de\/blog\/wp-json\/wp\/v2\/media?parent=1826"}],"curies":[{"name":"wp","href":"https:\/\/api.w.org\/{rel}","templated":true}]}}